{"id":20332,"date":"2020-09-14T11:15:53","date_gmt":"2020-09-14T09:15:53","guid":{"rendered":"http:\/\/fup.gov.ba\/?page_id=20332"},"modified":"2025-03-18T09:24:03","modified_gmt":"2025-03-18T08:24:03","slug":"organizaciona-sema-2","status":"publish","type":"page","link":"http:\/\/fup.gov.ba\/?page_id=20332","title":{"rendered":"Organizaciona \u0161ema"},"content":{"rendered":"\t\t<div data-elementor-type=\"wp-page\" data-elementor-id=\"20332\" class=\"elementor elementor-20332\" data-elementor-settings=\"[]\">\n\t\t\t\t\t\t<div class=\"elementor-inner\">\n\t\t\t\t\t\t\t<div class=\"elementor-section-wrap\">\n\t\t\t\t\t\t\t   \n\t\t\t\n\t\t<script type=\"text\/javascript\">\n\t\t\tjQuery(document).ready(function () {\n\t\t\t\tjQuery(\".elementor-element-3fc98fc\").prepend('<div class=\"eae-section-bs\"><div class=\"eae-section-bs-inner\"><\/div><\/div>');\n\t\t\t\tif ('' === 'yes') {\n\n\t\t\t\t\tvar bgoverlay = 'http:\/\/fup.gov.ba\/wp-content\/plugins\/addon-elements-for-elementor-page-builder\/\/assets\/lib\/vegas\/overlays\/00.png';\n\t\t\t\t} else {\n\t\t\t\t\tif ('09') {\n\t\t\t\t\t\tvar bgoverlay = 'http:\/\/fup.gov.ba\/wp-content\/plugins\/addon-elements-for-elementor-page-builder\/assets\/lib\/vegas\/overlays\/09.png';\n\t\t\t\t\t} else {\n\t\t\t\t\t\tvar bgoverlay = 'http:\/\/fup.gov.ba\/wp-content\/plugins\/addon-elements-for-elementor-page-builder\/assets\/lib\/vegas\/overlays\/00.png';\n\t\t\t\t\t}\n\t\t\t\t}\n\n\n\t\t\t\tjQuery(\".elementor-element-3fc98fc\").children('.eae-section-bs').children('.eae-section-bs-inner').vegas({\n\t\t\t\t\tslides: [{\"src\":\"http:\\\/\\\/fup.gov.ba\\\/wp-content\\\/uploads\\\/2020\\\/06\\\/igman00402-300x200.jpg\"},{\"src\":\"http:\\\/\\\/fup.gov.ba\\\/wp-content\\\/uploads\\\/2020\\\/06\\\/igman00410-300x200.jpg\"},{\"src\":\"http:\\\/\\\/fup.gov.ba\\\/wp-content\\\/uploads\\\/2020\\\/06\\\/004-300x200.jpg\"},{\"src\":\"http:\\\/\\\/fup.gov.ba\\\/wp-content\\\/uploads\\\/2020\\\/07\\\/Slika745-300x225.jpg\"},{\"src\":\"http:\\\/\\\/fup.gov.ba\\\/wp-content\\\/uploads\\\/2020\\\/07\\\/DSC_0009-300x199.jpg\"}],\n\t\t\t\t\ttransition: 'fade2',\n\t\t\t\t\tanimation: '',\n\t\t\t\t\toverlay: bgoverlay,\n\t\t\t\t\tcover: true,\n\t\t\t\t\tdelay: 5000,\n\t\t\t\t\ttimer: true\t\t\t\t});\n\t\t\t\tif ('' === 'yes') {\n\t\t\t\t\tjQuery(\".elementor-element-3fc98fc\").children('.eae-section-bs').children('.eae-section-bs-inner').children('.vegas-overlay').css('background-image', '');\n\t\t\t\t}\n\t\t\t});\n\t\t<\/script>\n\t\t\t\t<section data-angle=\"-45deg\" data-color=\"#00a6d8,#b800c9,#e57600\" class=\"has_eae_slider elementor-section elementor-top-section elementor-element elementor-element-3fc98fc elementor-section-stretched elementor-section-full_width elementor-section-height-min-height eae-animated-gradient-yes elementor-section-height-default elementor-section-items-middle\" data-id=\"3fc98fc\" data-element_type=\"section\" data-settings=\"{&quot;stretch_section&quot;:&quot;section-stretched&quot;}\">\n\t\t\t\t\t\t<div class=\"elementor-container elementor-column-gap-default\">\n\t\t\t\t\t\t\t<div class=\"elementor-row\">\n\t\t\t\t\t<div class=\"has_eae_slider elementor-column elementor-col-100 elementor-top-column elementor-element elementor-element-3f77e76\" data-id=\"3f77e76\" data-element_type=\"column\">\n\t\t\t<div class=\"elementor-column-wrap elementor-element-populated\">\n\t\t\t\t\t\t\t<div class=\"elementor-widget-wrap\">\n\t\t\t\t\t\t<div class=\"elementor-element elementor-element-1eda243 elementor-widget elementor-widget-heading\" data-id=\"1eda243\" data-element_type=\"widget\" data-widget_type=\"heading.default\">\n\t\t\t\t<div class=\"elementor-widget-container\">\n\t\t\t<h2 class=\"elementor-heading-title elementor-size-default\">ORGANIZACIONA \u0160EMA<\/h2>\t\t<\/div>\n\t\t\t\t<\/div>\n\t\t\t\t\t\t<\/div>\n\t\t\t\t\t<\/div>\n\t\t<\/div>\n\t\t\t\t\t\t\t\t<\/div>\n\t\t\t\t\t<\/div>\n\t\t<\/section>\n\t\t\t\t<section class=\"has_eae_slider elementor-section elementor-top-section elementor-element elementor-element-78ac42f elementor-section-boxed elementor-section-height-default elementor-section-height-default\" data-id=\"78ac42f\" data-element_type=\"section\">\n\t\t\t\t\t\t<div class=\"elementor-container elementor-column-gap-default\">\n\t\t\t\t\t\t\t<div class=\"elementor-row\">\n\t\t\t\t\t<div class=\"has_eae_slider elementor-column elementor-col-100 elementor-top-column elementor-element elementor-element-da90736\" data-id=\"da90736\" data-element_type=\"column\">\n\t\t\t<div class=\"elementor-column-wrap elementor-element-populated\">\n\t\t\t\t\t\t\t<div class=\"elementor-widget-wrap\">\n\t\t\t\t\t\t<div class=\"elementor-element elementor-element-c186e3c elementor-widget elementor-widget-image\" data-id=\"c186e3c\" data-element_type=\"widget\" data-widget_type=\"image.default\">\n\t\t\t\t<div class=\"elementor-widget-container\">\n\t\t\t\t\t\t\t\t<div class=\"elementor-image\">\n\t\t\t\t\t\t\t\t\t\t\t\t<img width=\"6892\" height=\"6080\" src=\"http:\/\/fup.gov.ba\/wp-content\/uploads\/2025\/03\/Organizaciona-sema-FUP-1.png\" class=\"attachment-full size-full\" alt=\"\" loading=\"lazy\" srcset=\"http:\/\/fup.gov.ba\/wp-content\/uploads\/2025\/03\/Organizaciona-sema-FUP-1.png 6892w, http:\/\/fup.gov.ba\/wp-content\/uploads\/2025\/03\/Organizaciona-sema-FUP-1-300x265.png 300w, http:\/\/fup.gov.ba\/wp-content\/uploads\/2025\/03\/Organizaciona-sema-FUP-1-1024x903.png 1024w, http:\/\/fup.gov.ba\/wp-content\/uploads\/2025\/03\/Organizaciona-sema-FUP-1-768x678.png 768w, http:\/\/fup.gov.ba\/wp-content\/uploads\/2025\/03\/Organizaciona-sema-FUP-1-1536x1355.png 1536w, http:\/\/fup.gov.ba\/wp-content\/uploads\/2025\/03\/Organizaciona-sema-FUP-1-350x309.png 350w\" sizes=\"(max-width: 6892px) 100vw, 6892px\" \/>\t\t\t\t\t\t\t\t\t\t\t\t\t\t<\/div>\n\t\t\t\t\t\t<\/div>\n\t\t\t\t<\/div>\n\t\t\t\t\t\t<\/div>\n\t\t\t\t\t<\/div>\n\t\t<\/div>\n\t\t\t\t\t\t\t\t<\/div>\n\t\t\t\t\t<\/div>\n\t\t<\/section>\n\t\t\t\t<section class=\"has_eae_slider elementor-section elementor-top-section elementor-element elementor-element-8dbb317 elementor-section-boxed elementor-section-height-default elementor-section-height-default\" data-id=\"8dbb317\" data-element_type=\"section\">\n\t\t\t\t\t\t<div class=\"elementor-container elementor-column-gap-default\">\n\t\t\t\t\t\t\t<div class=\"elementor-row\">\n\t\t\t\t\t<div class=\"has_eae_slider elementor-column elementor-col-100 elementor-top-column elementor-element elementor-element-5f07662\" data-id=\"5f07662\" data-element_type=\"column\">\n\t\t\t<div class=\"elementor-column-wrap\">\n\t\t\t\t\t\t\t<div class=\"elementor-widget-wrap\">\n\t\t\t\t\t\t\t\t<\/div>\n\t\t\t\t\t<\/div>\n\t\t<\/div>\n\t\t\t\t\t\t\t\t<\/div>\n\t\t\t\t\t<\/div>\n\t\t<\/section>\n\t\t\t\t<section class=\"has_eae_slider elementor-section elementor-top-section elementor-element elementor-element-f22e962 elementor-section-full_width elementor-section-height-default elementor-section-height-default\" data-id=\"f22e962\" data-element_type=\"section\" data-settings=\"{&quot;background_background&quot;:&quot;classic&quot;}\">\n\t\t\t\t\t\t<div class=\"elementor-container elementor-column-gap-default\">\n\t\t\t\t\t\t\t<div class=\"elementor-row\">\n\t\t\t\t\t<div class=\"has_eae_slider elementor-column elementor-col-100 elementor-top-column elementor-element elementor-element-752b632\" data-id=\"752b632\" data-element_type=\"column\">\n\t\t\t<div class=\"elementor-column-wrap elementor-element-populated\">\n\t\t\t\t\t\t\t<div class=\"elementor-widget-wrap\">\n\t\t\t\t\t\t<div class=\"elementor-element elementor-element-cf4af49 elementor-widget elementor-widget-eael-image-accordion\" data-id=\"cf4af49\" data-element_type=\"widget\" data-widget_type=\"eael-image-accordion.default\">\n\t\t\t\t<div class=\"elementor-widget-container\">\n\t\t\t    <div class=\"eael-img-accordion accordion-direction-horizontal eael-img-accordion-horizontal-align-center eael-img-accordion-vertical-align-center\" id=\"eael-img-accordion-cf4af49\" data-img-accordion-id=\"cf4af49\" data-img-accordion-type=\"on-hover\">\n                    \n            <a href=\"#\/\" class=\"eael-image-accordion-hover\" style=\"background-image: url(http:\/\/fup.gov.ba\/wp-content\/uploads\/2020\/06\/logoFUP.png);\"  tabindex=\"0\">\n            <div class=\"overlay\">\n                <div class=\"overlay-inner\">\n                    <div class=\"overlay-inner \">\n                        <h2 class=\"img-accordion-title\">KABINET DIREKTORA<\/h2>                            <p><p>FEDERALNA UPRAVA POLICIJE<\/p><\/p>\n                                            <\/div>\n                <\/div>\n            <\/div>\n            <\/a>\n                    \n            <a href=\"#\/\" class=\"eael-image-accordion-hover\" style=\"background-image: url(http:\/\/fup.gov.ba\/wp-content\/uploads\/2020\/07\/190701074-1.png);\"  tabindex=\"1\">\n            <div class=\"overlay\">\n                <div class=\"overlay-inner\">\n                    <div class=\"overlay-inner \">\n                        <h2 class=\"img-accordion-title\">SPECIJALNA POLICIJSKA JEDINICA<\/h2>                            <p><p>FEDERALNA UPRAVA POLICIJE<\/p><\/p>\n                                            <\/div>\n                <\/div>\n            <\/div>\n            <\/a>\n                    \n            <a href=\"#\/\" class=\"eael-image-accordion-hover\" style=\"background-image: url(http:\/\/fup.gov.ba\/wp-content\/uploads\/2020\/07\/FISKP-e1594109293493.jpg);\"  tabindex=\"2\">\n            <div class=\"overlay\">\n                <div class=\"overlay-inner\">\n                    <div class=\"overlay-inner \">\n                        <h2 class=\"img-accordion-title\">FEDERALNA ISTRA\u017dNA SLU\u017dBA KRIMINALISTI\u010cKE POLICIJE<\/h2>                            <p><p>FEDERALNA UPRAVA POLICIJE<\/p><\/p>\n                                            <\/div>\n                <\/div>\n            <\/div>\n            <\/a>\n                    \n            <a href=\"#\/\" class=\"eael-image-accordion-hover\" style=\"background-image: url(http:\/\/fup.gov.ba\/wp-content\/uploads\/2020\/09\/sektor_za_podrsku_f.jpg);\"  tabindex=\"3\">\n            <div class=\"overlay\">\n                <div class=\"overlay-inner\">\n                    <div class=\"overlay-inner \">\n                        <h2 class=\"img-accordion-title\">SEKTOR ZA PODR\u0160KU<\/h2>                            <p><p>FEDERALNA UPRAVA POLICIJE<\/p><\/p>\n                                            <\/div>\n                <\/div>\n            <\/div>\n            <\/a>\n                    \n            <a href=\"#\/\" class=\"eael-image-accordion-hover\" style=\"background-image: url(http:\/\/fup.gov.ba\/wp-content\/uploads\/2020\/07\/Slika745.jpg);\"  tabindex=\"4\">\n            <div class=\"overlay\">\n                <div class=\"overlay-inner\">\n                    <div class=\"overlay-inner \">\n                        <h2 class=\"img-accordion-title\">CENTAR ZA FORENZI\u010cKA ISPITIVANJA, VJE\u0160TA\u010cENJA I ISTRA\u017dIVANJA<\/h2>                            <p><p>FEDERALNA UPRAVA POLICIJE<\/p><\/p>\n                                            <\/div>\n                <\/div>\n            <\/div>\n            <\/a>\n                    \n            <a href=\"#\/\" class=\"eael-image-accordion-hover\" style=\"background-image: url(http:\/\/fup.gov.ba\/wp-content\/uploads\/2020\/07\/SUP.png);\"  tabindex=\"5\">\n            <div class=\"overlay\">\n                <div class=\"overlay-inner\">\n                    <div class=\"overlay-inner \">\n                        <h2 class=\"img-accordion-title\">SEKTOR UNIFORMISANE POLICIJE<\/h2>                            <p><p>FEDERALNA UPRAVA POLICIJE<\/p><\/p>\n                                            <\/div>\n                <\/div>\n            <\/div>\n            <\/a>\n                <\/div>\n        <style typr=\"text\/css\">\n                    #eael-img-accordion-cf4af49 .eael-image-accordion-hover:hover {\n                        flex: 3 1 0% !important;\n                    }\n                    #eael-img-accordion-cf4af49 .eael-image-accordion-hover:hover:hover .overlay-inner * {\n                        opacity: 1;\n                        visibility: visible;\n                        transform: none;\n                        transition: all .3s .3s;\n                    }\n                <\/style>\t\t<\/div>\n\t\t\t\t<\/div>\n\t\t\t\t\t\t<\/div>\n\t\t\t\t\t<\/div>\n\t\t<\/div>\n\t\t\t\t\t\t\t\t<\/div>\n\t\t\t\t\t<\/div>\n\t\t<\/section>\n\t\t\t\t<section class=\"has_eae_slider elementor-section elementor-top-section elementor-element elementor-element-733248e elementor-section-content-bottom elementor-section-stretched elementor-section-full_width elementor-section-height-default elementor-section-height-default\" data-id=\"733248e\" data-element_type=\"section\" data-settings=\"{&quot;stretch_section&quot;:&quot;section-stretched&quot;}\">\n\t\t\t\t\t\t<div class=\"elementor-container elementor-column-gap-no\">\n\t\t\t\t\t\t\t<div class=\"elementor-row\">\n\t\t\t\t\t<div class=\"has_eae_slider elementor-column elementor-col-50 elementor-top-column elementor-element elementor-element-884ad5c\" data-id=\"884ad5c\" data-element_type=\"column\" data-settings=\"{&quot;background_background&quot;:&quot;classic&quot;}\">\n\t\t\t<div class=\"elementor-column-wrap elementor-element-populated\">\n\t\t\t\t\t\t\t<div class=\"elementor-widget-wrap\">\n\t\t\t\t\t\t<section class=\"has_eae_slider elementor-section elementor-inner-section elementor-element elementor-element-0435e3f elementor-section-content-top elementor-section-boxed elementor-section-height-default elementor-section-height-default\" data-id=\"0435e3f\" data-element_type=\"section\">\n\t\t\t\t\t\t<div class=\"elementor-container elementor-column-gap-no\">\n\t\t\t\t\t\t\t<div class=\"elementor-row\">\n\t\t\t\t\t<div class=\"has_eae_slider elementor-column elementor-col-100 elementor-inner-column elementor-element elementor-element-4fd0678\" data-id=\"4fd0678\" data-element_type=\"column\">\n\t\t\t<div class=\"elementor-column-wrap elementor-element-populated\">\n\t\t\t\t\t\t\t<div class=\"elementor-widget-wrap\">\n\t\t\t\t\t\t<div class=\"elementor-element elementor-element-82179f9 elementor-widget elementor-widget-heading\" data-id=\"82179f9\" data-element_type=\"widget\" data-widget_type=\"heading.default\">\n\t\t\t\t<div class=\"elementor-widget-container\">\n\t\t\t<h2 class=\"elementor-heading-title elementor-size-default\">+387 33 280 020<\/h2>\t\t<\/div>\n\t\t\t\t<\/div>\n\t\t\t\t<div class=\"elementor-element elementor-element-661e715 elementor-widget elementor-widget-heading\" data-id=\"661e715\" data-element_type=\"widget\" data-widget_type=\"heading.default\">\n\t\t\t\t<div class=\"elementor-widget-container\">\n\t\t\t<h4 class=\"elementor-heading-title elementor-size-default\">kabinet@fup.gov.ba<\/h4>\t\t<\/div>\n\t\t\t\t<\/div>\n\t\t\t\t\t\t<\/div>\n\t\t\t\t\t<\/div>\n\t\t<\/div>\n\t\t\t\t\t\t\t\t<\/div>\n\t\t\t\t\t<\/div>\n\t\t<\/section>\n\t\t\t\t<section class=\"has_eae_slider elementor-section elementor-inner-section elementor-element elementor-element-7b94353 elementor-section-content-middle elementor-section-boxed elementor-section-height-default elementor-section-height-default\" data-id=\"7b94353\" data-element_type=\"section\">\n\t\t\t\t\t\t<div class=\"elementor-container elementor-column-gap-no\">\n\t\t\t\t\t\t\t<div class=\"elementor-row\">\n\t\t\t\t\t<div class=\"has_eae_slider elementor-column elementor-col-50 elementor-inner-column elementor-element elementor-element-4df5a6a\" data-id=\"4df5a6a\" data-element_type=\"column\" data-settings=\"{&quot;background_background&quot;:&quot;classic&quot;}\">\n\t\t\t<div class=\"elementor-column-wrap elementor-element-populated\">\n\t\t\t\t\t\t\t<div class=\"elementor-widget-wrap\">\n\t\t\t\t\t\t<div class=\"elementor-element elementor-element-772e168 elementor-widget elementor-widget-spacer\" data-id=\"772e168\" data-element_type=\"widget\" data-widget_type=\"spacer.default\">\n\t\t\t\t<div class=\"elementor-widget-container\">\n\t\t\t\t\t<div class=\"elementor-spacer\">\n\t\t\t<div class=\"elementor-spacer-inner\"><\/div>\n\t\t<\/div>\n\t\t\t\t<\/div>\n\t\t\t\t<\/div>\n\t\t\t\t\t\t<\/div>\n\t\t\t\t\t<\/div>\n\t\t<\/div>\n\t\t\t\t<div class=\"has_eae_slider elementor-column elementor-col-50 elementor-inner-column elementor-element elementor-element-a2df493\" data-id=\"a2df493\" data-element_type=\"column\" data-settings=\"{&quot;background_background&quot;:&quot;classic&quot;}\">\n\t\t\t<div class=\"elementor-column-wrap elementor-element-populated\">\n\t\t\t\t\t\t\t<div class=\"elementor-widget-wrap\">\n\t\t\t\t\t\t<div class=\"elementor-element elementor-element-8e95feb elementor-widget elementor-widget-heading\" data-id=\"8e95feb\" data-element_type=\"widget\" data-widget_type=\"heading.default\">\n\t\t\t\t<div class=\"elementor-widget-container\">\n\t\t\t<h3 class=\"elementor-heading-title elementor-size-default\">Adresa:<\/h3>\t\t<\/div>\n\t\t\t\t<\/div>\n\t\t\t\t<div class=\"elementor-element elementor-element-da83d1e elementor-icon-list--layout-traditional elementor-list-item-link-full_width elementor-widget elementor-widget-icon-list\" data-id=\"da83d1e\" data-element_type=\"widget\" data-widget_type=\"icon-list.default\">\n\t\t\t\t<div class=\"elementor-widget-container\">\n\t\t\t\t\t<ul class=\"elementor-icon-list-items\">\n\t\t\t\t\t\t\t<li class=\"elementor-icon-list-item\">\n\t\t\t\t\t\t\t\t\t\t\t<span class=\"elementor-icon-list-icon\">\n\t\t\t\t\t\t\t<i aria-hidden=\"true\" class=\"far fa-building\"><\/i>\t\t\t\t\t\t<\/span>\n\t\t\t\t\t\t\t\t\t\t<span class=\"elementor-icon-list-text\">Mehmeda Spahe 7,<br>Sarajevo 71000<br>Bosna i Hercegovina<\/span>\n\t\t\t\t\t\t\t\t\t<\/li>\n\t\t\t\t\t\t<\/ul>\n\t\t\t\t<\/div>\n\t\t\t\t<\/div>\n\t\t\t\t<div class=\"elementor-element elementor-element-fa7f1d5 e-grid-align-left elementor-shape-rounded elementor-grid-0 elementor-widget elementor-widget-social-icons\" data-id=\"fa7f1d5\" data-element_type=\"widget\" data-widget_type=\"social-icons.default\">\n\t\t\t\t<div class=\"elementor-widget-container\">\n\t\t\t\t\t<div class=\"elementor-social-icons-wrapper elementor-grid\">\n\t\t\t\t\t\t\t<span class=\"elementor-grid-item\">\n\t\t\t\t\t<a class=\"elementor-icon elementor-social-icon elementor-social-icon-facebook elementor-repeater-item-2f55736\" href=\"http:\/\/www.fup.gov.ba\">\n\t\t\t\t\t\t<span class=\"elementor-screen-only\">Facebook<\/span>\n\t\t\t\t\t\t<i class=\"fab fa-facebook\"><\/i>\t\t\t\t\t<\/a>\n\t\t\t\t<\/span>\n\t\t\t\t\t\t\t<span class=\"elementor-grid-item\">\n\t\t\t\t\t<a class=\"elementor-icon elementor-social-icon elementor-social-icon-youtube elementor-repeater-item-664baeb\" href=\"http:\/\/www.fup.gov.ba\">\n\t\t\t\t\t\t<span class=\"elementor-screen-only\">Youtube<\/span>\n\t\t\t\t\t\t<i class=\"fab fa-youtube\"><\/i>\t\t\t\t\t<\/a>\n\t\t\t\t<\/span>\n\t\t\t\t\t<\/div>\n\t\t\t\t<\/div>\n\t\t\t\t<\/div>\n\t\t\t\t\t\t<\/div>\n\t\t\t\t\t<\/div>\n\t\t<\/div>\n\t\t\t\t\t\t\t\t<\/div>\n\t\t\t\t\t<\/div>\n\t\t<\/section>\n\t\t\t\t\t\t<\/div>\n\t\t\t\t\t<\/div>\n\t\t<\/div>\n\t\t\t\t<div class=\"has_eae_slider elementor-column elementor-col-50 elementor-top-column elementor-element elementor-element-9002ab6\" data-id=\"9002ab6\" data-element_type=\"column\">\n\t\t\t<div class=\"elementor-column-wrap elementor-element-populated\">\n\t\t\t\t\t\t\t<div class=\"elementor-widget-wrap\">\n\t\t\t\t\t\t<div class=\"elementor-element elementor-element-611bd4e elementor-widget elementor-widget-google_maps\" data-id=\"611bd4e\" data-element_type=\"widget\" data-widget_type=\"google_maps.default\">\n\t\t\t\t<div class=\"elementor-widget-container\">\n\t\t\t\t\t<div class=\"elementor-custom-embed\">\n\t\t\t<iframe frameborder=\"0\" scrolling=\"no\" marginheight=\"0\" marginwidth=\"0\"\n\t\t\t\t\tsrc=\"https:\/\/maps.google.com\/maps?q=Federalna%20uprava%20policije&#038;t=m&#038;z=15&#038;output=embed&#038;iwloc=near\"\n\t\t\t\t\ttitle=\"Federalna uprava policije\"\n\t\t\t\t\taria-label=\"Federalna uprava policije\"\n\t\t\t><\/iframe>\n\t\t<\/div>\n\t\t\t\t<\/div>\n\t\t\t\t<\/div>\n\t\t\t\t\t\t<\/div>\n\t\t\t\t\t<\/div>\n\t\t<\/div>\n\t\t\t\t\t\t\t\t<\/div>\n\t\t\t\t\t<\/div>\n\t\t<\/section>\n\t\t\t\t\t\t<\/div>\n\t\t\t\t\t\t<\/div>\n\t\t\t\t\t<\/div>\n\t\t","protected":false},"excerpt":{"rendered":"<p>ORGANIZACIONA \u0160EMA KABINET DIREKTORA FEDERALNA UPRAVA POLICIJE SPECIJALNA POLICIJSKA JEDINICA FEDERALNA UPRAVA POLICIJE FEDERALNA ISTRA\u017dNA SLU\u017dBA KRIMINALISTI\u010cKE POLICIJE FEDERALNA UPRAVA POLICIJE SEKTOR ZA PODR\u0160KU FEDERALNA UPRAVA POLICIJE CENTAR ZA FORENZI\u010cKA ISPITIVANJA, VJE\u0160TA\u010cENJA I ISTRA\u017dIVANJA FEDERALNA UPRAVA POLICIJE SEKTOR UNIFORMISANE POLICIJE FEDERALNA UPRAVA POLICIJE +387 33 280 020 kabinet@fup.gov.ba Adresa: Mehmeda Spahe 7,Sarajevo 71000Bosna i Hercegovina &hellip;<\/p>\n<p class=\"read-more\"> <a class=\"\" href=\"http:\/\/fup.gov.ba\/?page_id=20332\"> <span class=\"screen-reader-text\">Organizaciona \u0161ema<\/span> Read More &raquo;<\/a><\/p>\n","protected":false},"author":5,"featured_media":0,"parent":31,"menu_order":0,"comment_status":"closed","ping_status":"closed","template":"","meta":{"spay_email":""},"_links":{"self":[{"href":"http:\/\/fup.gov.ba\/index.php?rest_route=\/wp\/v2\/pages\/20332"}],"collection":[{"href":"http:\/\/fup.gov.ba\/index.php?rest_route=\/wp\/v2\/pages"}],"about":[{"href":"http:\/\/fup.gov.ba\/index.php?rest_route=\/wp\/v2\/types\/page"}],"author":[{"embeddable":true,"href":"http:\/\/fup.gov.ba\/index.php?rest_route=\/wp\/v2\/users\/5"}],"replies":[{"embeddable":true,"href":"http:\/\/fup.gov.ba\/index.php?rest_route=%2Fwp%2Fv2%2Fcomments&post=20332"}],"version-history":[{"count":15,"href":"http:\/\/fup.gov.ba\/index.php?rest_route=\/wp\/v2\/pages\/20332\/revisions"}],"predecessor-version":[{"id":39587,"href":"http:\/\/fup.gov.ba\/index.php?rest_route=\/wp\/v2\/pages\/20332\/revisions\/39587"}],"up":[{"embeddable":true,"href":"http:\/\/fup.gov.ba\/index.php?rest_route=\/wp\/v2\/pages\/31"}],"wp:attachment":[{"href":"http:\/\/fup.gov.ba\/index.php?rest_route=%2Fwp%2Fv2%2Fmedia&parent=20332"}],"curies":[{"name":"wp","href":"https:\/\/api.w.org\/{rel}","templated":true}]}}