{"id":29462,"date":"2022-04-13T13:50:34","date_gmt":"2022-04-13T11:50:34","guid":{"rendered":"http:\/\/fup.gov.ba\/?page_id=29462"},"modified":"2022-09-20T14:08:15","modified_gmt":"2022-09-20T12:08:15","slug":"sigurnost-zena-na-ulici-u-sabracaju-i-sprjecavanje-cyberbullinga","status":"publish","type":"page","link":"http:\/\/fup.gov.ba\/?page_id=29462","title":{"rendered":"Sigurnost \u017eena na ulici, u sabra\u0107aju i sprje\u010davanje cyberbullinga"},"content":{"rendered":"\t\t<div data-elementor-type=\"wp-page\" data-elementor-id=\"29462\" class=\"elementor elementor-29462\" data-elementor-settings=\"[]\">\n\t\t\t\t\t\t<div class=\"elementor-inner\">\n\t\t\t\t\t\t\t<div class=\"elementor-section-wrap\">\n\t\t\t\t\t\t\t   \n\t\t\t\n\t\t<script type=\"text\/javascript\">\n\t\t\tjQuery(document).ready(function () {\n\t\t\t\tjQuery(\".elementor-element-f0dfd29\").prepend('<div class=\"eae-section-bs\"><div class=\"eae-section-bs-inner\"><\/div><\/div>');\n\t\t\t\tif ('' === 'yes') {\n\n\t\t\t\t\tvar bgoverlay = 'http:\/\/fup.gov.ba\/wp-content\/plugins\/addon-elements-for-elementor-page-builder\/\/assets\/lib\/vegas\/overlays\/00.png';\n\t\t\t\t} else {\n\t\t\t\t\tif ('09') {\n\t\t\t\t\t\tvar bgoverlay = 'http:\/\/fup.gov.ba\/wp-content\/plugins\/addon-elements-for-elementor-page-builder\/assets\/lib\/vegas\/overlays\/09.png';\n\t\t\t\t\t} else {\n\t\t\t\t\t\tvar bgoverlay = 'http:\/\/fup.gov.ba\/wp-content\/plugins\/addon-elements-for-elementor-page-builder\/assets\/lib\/vegas\/overlays\/00.png';\n\t\t\t\t\t}\n\t\t\t\t}\n\n\n\t\t\t\tjQuery(\".elementor-element-f0dfd29\").children('.eae-section-bs').children('.eae-section-bs-inner').vegas({\n\t\t\t\t\tslides: [{\"src\":\"http:\\\/\\\/fup.gov.ba\\\/wp-content\\\/uploads\\\/2020\\\/06\\\/igman00402-300x200.jpg\"},{\"src\":\"http:\\\/\\\/fup.gov.ba\\\/wp-content\\\/uploads\\\/2020\\\/06\\\/igman00410-300x200.jpg\"},{\"src\":\"http:\\\/\\\/fup.gov.ba\\\/wp-content\\\/uploads\\\/2020\\\/06\\\/004-300x200.jpg\"},{\"src\":\"http:\\\/\\\/fup.gov.ba\\\/wp-content\\\/uploads\\\/2020\\\/07\\\/Slika745-300x225.jpg\"},{\"src\":\"http:\\\/\\\/fup.gov.ba\\\/wp-content\\\/uploads\\\/2020\\\/07\\\/DSC_0009-300x199.jpg\"}],\n\t\t\t\t\ttransition: 'fade2',\n\t\t\t\t\tanimation: '',\n\t\t\t\t\toverlay: bgoverlay,\n\t\t\t\t\tcover: true,\n\t\t\t\t\tdelay: 5000,\n\t\t\t\t\ttimer: true\t\t\t\t});\n\t\t\t\tif ('' === 'yes') {\n\t\t\t\t\tjQuery(\".elementor-element-f0dfd29\").children('.eae-section-bs').children('.eae-section-bs-inner').children('.vegas-overlay').css('background-image', '');\n\t\t\t\t}\n\t\t\t});\n\t\t<\/script>\n\t\t\t\t<section data-angle=\"-45deg\" data-color=\"#00a6d8,#b800c9,#e57600\" class=\"has_eae_slider elementor-section elementor-top-section elementor-element elementor-element-f0dfd29 elementor-section-stretched elementor-section-full_width elementor-section-height-min-height elementor-section-items-stretch eae-animated-gradient-yes elementor-section-content-middle elementor-section-height-default\" data-id=\"f0dfd29\" data-element_type=\"section\" data-settings=\"{&quot;stretch_section&quot;:&quot;section-stretched&quot;}\">\n\t\t\t\t\t\t<div class=\"elementor-container elementor-column-gap-default\">\n\t\t\t\t\t\t\t<div class=\"elementor-row\">\n\t\t\t\t\t<div class=\"has_eae_slider elementor-column elementor-col-100 elementor-top-column elementor-element elementor-element-5c1e9c2\" data-id=\"5c1e9c2\" data-element_type=\"column\">\n\t\t\t<div class=\"elementor-column-wrap elementor-element-populated\">\n\t\t\t\t\t\t\t<div class=\"elementor-widget-wrap\">\n\t\t\t\t\t\t<div class=\"elementor-element elementor-element-68a4bd8 elementor-widget elementor-widget-heading\" data-id=\"68a4bd8\" data-element_type=\"widget\" data-widget_type=\"heading.default\">\n\t\t\t\t<div class=\"elementor-widget-container\">\n\t\t\t<h2 class=\"elementor-heading-title elementor-size-default\">SIGURNOST \u017dENA NA ULICI, SAOBRA\u0106AJU<br>I SPRE\u010cAVANJE CYBERBULLINGA<\/h2>\t\t<\/div>\n\t\t\t\t<\/div>\n\t\t\t\t\t\t<\/div>\n\t\t\t\t\t<\/div>\n\t\t<\/div>\n\t\t\t\t\t\t\t\t<\/div>\n\t\t\t\t\t<\/div>\n\t\t<\/section>\n\t\t\t\t<section class=\"has_eae_slider elementor-section elementor-top-section elementor-element elementor-element-f16dc4f elementor-section-boxed elementor-section-height-default elementor-section-height-default\" data-id=\"f16dc4f\" data-element_type=\"section\">\n\t\t\t\t\t\t<div class=\"elementor-container elementor-column-gap-default\">\n\t\t\t\t\t\t\t<div class=\"elementor-row\">\n\t\t\t\t\t<div class=\"has_eae_slider elementor-column elementor-col-50 elementor-top-column elementor-element elementor-element-4612c55\" data-id=\"4612c55\" data-element_type=\"column\">\n\t\t\t<div class=\"elementor-column-wrap elementor-element-populated\">\n\t\t\t\t\t\t\t<div class=\"elementor-widget-wrap\">\n\t\t\t\t\t\t<div class=\"elementor-element elementor-element-41822f4 elementor-widget elementor-widget-image\" data-id=\"41822f4\" data-element_type=\"widget\" data-widget_type=\"image.default\">\n\t\t\t\t<div class=\"elementor-widget-container\">\n\t\t\t\t\t\t\t\t<div class=\"elementor-image\">\n\t\t\t\t\t\t\t\t\t\t\t\t\t<a href=\"http:\/\/fup.gov.ba\/wp-content\/uploads\/2022\/09\/Povecanje-sigurnosti-zena-na-ulici-1.jpg\" data-elementor-open-lightbox=\"yes\">\n\t\t\t\t\t\t\t<img width=\"724\" height=\"1024\" src=\"http:\/\/fup.gov.ba\/wp-content\/uploads\/2022\/09\/Povecanje-sigurnosti-zena-na-ulici-1-724x1024.jpg\" class=\"attachment-large size-large\" alt=\"\" loading=\"lazy\" srcset=\"http:\/\/fup.gov.ba\/wp-content\/uploads\/2022\/09\/Povecanje-sigurnosti-zena-na-ulici-1-724x1024.jpg 724w, http:\/\/fup.gov.ba\/wp-content\/uploads\/2022\/09\/Povecanje-sigurnosti-zena-na-ulici-1-212x300.jpg 212w, http:\/\/fup.gov.ba\/wp-content\/uploads\/2022\/09\/Povecanje-sigurnosti-zena-na-ulici-1-768x1086.jpg 768w, http:\/\/fup.gov.ba\/wp-content\/uploads\/2022\/09\/Povecanje-sigurnosti-zena-na-ulici-1-1086x1536.jpg 1086w, http:\/\/fup.gov.ba\/wp-content\/uploads\/2022\/09\/Povecanje-sigurnosti-zena-na-ulici-1-1448x2048.jpg 1448w, http:\/\/fup.gov.ba\/wp-content\/uploads\/2022\/09\/Povecanje-sigurnosti-zena-na-ulici-1-350x495.jpg 350w, http:\/\/fup.gov.ba\/wp-content\/uploads\/2022\/09\/Povecanje-sigurnosti-zena-na-ulici-1.jpg 1587w\" sizes=\"(max-width: 724px) 100vw, 724px\" \/>\t\t\t\t\t\t\t\t<\/a>\n\t\t\t\t\t\t\t\t\t\t\t\t\t\t<\/div>\n\t\t\t\t\t\t<\/div>\n\t\t\t\t<\/div>\n\t\t\t\t\t\t<\/div>\n\t\t\t\t\t<\/div>\n\t\t<\/div>\n\t\t\t\t<div class=\"has_eae_slider elementor-column elementor-col-50 elementor-top-column elementor-element elementor-element-196953a\" data-id=\"196953a\" data-element_type=\"column\">\n\t\t\t<div class=\"elementor-column-wrap elementor-element-populated\">\n\t\t\t\t\t\t\t<div class=\"elementor-widget-wrap\">\n\t\t\t\t\t\t<div class=\"elementor-element elementor-element-3f4979d elementor-widget elementor-widget-image\" data-id=\"3f4979d\" data-element_type=\"widget\" data-widget_type=\"image.default\">\n\t\t\t\t<div class=\"elementor-widget-container\">\n\t\t\t\t\t\t\t\t<div class=\"elementor-image\">\n\t\t\t\t\t\t\t\t\t\t\t\t\t<a href=\"http:\/\/fup.gov.ba\/wp-content\/uploads\/2022\/09\/Povecanje-sigurnosti-zena-na-ulici-2.jpg\" data-elementor-open-lightbox=\"yes\">\n\t\t\t\t\t\t\t<img width=\"724\" height=\"1024\" src=\"http:\/\/fup.gov.ba\/wp-content\/uploads\/2022\/09\/Povecanje-sigurnosti-zena-na-ulici-2-724x1024.jpg\" class=\"attachment-large size-large\" alt=\"\" loading=\"lazy\" srcset=\"http:\/\/fup.gov.ba\/wp-content\/uploads\/2022\/09\/Povecanje-sigurnosti-zena-na-ulici-2-724x1024.jpg 724w, http:\/\/fup.gov.ba\/wp-content\/uploads\/2022\/09\/Povecanje-sigurnosti-zena-na-ulici-2-212x300.jpg 212w, http:\/\/fup.gov.ba\/wp-content\/uploads\/2022\/09\/Povecanje-sigurnosti-zena-na-ulici-2-768x1086.jpg 768w, http:\/\/fup.gov.ba\/wp-content\/uploads\/2022\/09\/Povecanje-sigurnosti-zena-na-ulici-2-1086x1536.jpg 1086w, http:\/\/fup.gov.ba\/wp-content\/uploads\/2022\/09\/Povecanje-sigurnosti-zena-na-ulici-2-1448x2048.jpg 1448w, http:\/\/fup.gov.ba\/wp-content\/uploads\/2022\/09\/Povecanje-sigurnosti-zena-na-ulici-2-350x495.jpg 350w, http:\/\/fup.gov.ba\/wp-content\/uploads\/2022\/09\/Povecanje-sigurnosti-zena-na-ulici-2.jpg 1587w\" sizes=\"(max-width: 724px) 100vw, 724px\" \/>\t\t\t\t\t\t\t\t<\/a>\n\t\t\t\t\t\t\t\t\t\t\t\t\t\t<\/div>\n\t\t\t\t\t\t<\/div>\n\t\t\t\t<\/div>\n\t\t\t\t\t\t<\/div>\n\t\t\t\t\t<\/div>\n\t\t<\/div>\n\t\t\t\t\t\t\t\t<\/div>\n\t\t\t\t\t<\/div>\n\t\t<\/section>\n\t\t\t\t<section class=\"has_eae_slider elementor-section elementor-top-section elementor-element elementor-element-18dc425 elementor-section-boxed elementor-section-height-default elementor-section-height-default\" data-id=\"18dc425\" data-element_type=\"section\">\n\t\t\t\t\t\t<div class=\"elementor-container elementor-column-gap-default\">\n\t\t\t\t\t\t\t<div class=\"elementor-row\">\n\t\t\t\t\t<div class=\"has_eae_slider elementor-column elementor-col-100 elementor-top-column elementor-element elementor-element-f1fab66\" data-id=\"f1fab66\" data-element_type=\"column\">\n\t\t\t<div class=\"elementor-column-wrap elementor-element-populated\">\n\t\t\t\t\t\t\t<div class=\"elementor-widget-wrap\">\n\t\t\t\t\t\t<div class=\"elementor-element elementor-element-dac40c9 elementor-widget elementor-widget-image\" data-id=\"dac40c9\" data-element_type=\"widget\" data-widget_type=\"image.default\">\n\t\t\t\t<div class=\"elementor-widget-container\">\n\t\t\t\t\t\t\t\t<div class=\"elementor-image\">\n\t\t\t\t\t\t\t\t\t\t\t\t<img width=\"483\" height=\"1024\" src=\"http:\/\/fup.gov.ba\/wp-content\/uploads\/2022\/09\/Povecanje-sigurnosti-u-saobracaju-483x1024.jpg\" class=\"attachment-large size-large\" alt=\"\" loading=\"lazy\" srcset=\"http:\/\/fup.gov.ba\/wp-content\/uploads\/2022\/09\/Povecanje-sigurnosti-u-saobracaju-483x1024.jpg 483w, http:\/\/fup.gov.ba\/wp-content\/uploads\/2022\/09\/Povecanje-sigurnosti-u-saobracaju-141x300.jpg 141w, http:\/\/fup.gov.ba\/wp-content\/uploads\/2022\/09\/Povecanje-sigurnosti-u-saobracaju-768x1629.jpg 768w, http:\/\/fup.gov.ba\/wp-content\/uploads\/2022\/09\/Povecanje-sigurnosti-u-saobracaju-724x1536.jpg 724w, http:\/\/fup.gov.ba\/wp-content\/uploads\/2022\/09\/Povecanje-sigurnosti-u-saobracaju-350x742.jpg 350w, http:\/\/fup.gov.ba\/wp-content\/uploads\/2022\/09\/Povecanje-sigurnosti-u-saobracaju.jpg 943w\" sizes=\"(max-width: 483px) 100vw, 483px\" \/>\t\t\t\t\t\t\t\t\t\t\t\t\t\t<\/div>\n\t\t\t\t\t\t<\/div>\n\t\t\t\t<\/div>\n\t\t\t\t\t\t<\/div>\n\t\t\t\t\t<\/div>\n\t\t<\/div>\n\t\t\t\t\t\t\t\t<\/div>\n\t\t\t\t\t<\/div>\n\t\t<\/section>\n\t\t\t\t<section class=\"has_eae_slider elementor-section elementor-top-section elementor-element elementor-element-aa91405 elementor-section-boxed elementor-section-height-default elementor-section-height-default\" data-id=\"aa91405\" data-element_type=\"section\">\n\t\t\t\t\t\t<div class=\"elementor-container elementor-column-gap-default\">\n\t\t\t\t\t\t\t<div class=\"elementor-row\">\n\t\t\t\t\t<div class=\"has_eae_slider elementor-column elementor-col-100 elementor-top-column elementor-element elementor-element-860c230\" data-id=\"860c230\" data-element_type=\"column\">\n\t\t\t<div class=\"elementor-column-wrap elementor-element-populated\">\n\t\t\t\t\t\t\t<div class=\"elementor-widget-wrap\">\n\t\t\t\t\t\t<div class=\"elementor-element elementor-element-4c3adb7 elementor-widget elementor-widget-image\" data-id=\"4c3adb7\" data-element_type=\"widget\" data-widget_type=\"image.default\">\n\t\t\t\t<div class=\"elementor-widget-container\">\n\t\t\t\t\t\t\t\t<div class=\"elementor-image\">\n\t\t\t\t\t\t\t\t\t\t\t\t<img width=\"410\" height=\"1024\" src=\"http:\/\/fup.gov.ba\/wp-content\/uploads\/2022\/09\/CYBERBULLYING-410x1024.jpg\" class=\"attachment-large size-large\" alt=\"\" loading=\"lazy\" srcset=\"http:\/\/fup.gov.ba\/wp-content\/uploads\/2022\/09\/CYBERBULLYING-410x1024.jpg 410w, http:\/\/fup.gov.ba\/wp-content\/uploads\/2022\/09\/CYBERBULLYING-120x300.jpg 120w, http:\/\/fup.gov.ba\/wp-content\/uploads\/2022\/09\/CYBERBULLYING-768x1920.jpg 768w, http:\/\/fup.gov.ba\/wp-content\/uploads\/2022\/09\/CYBERBULLYING-350x875.jpg 350w, http:\/\/fup.gov.ba\/wp-content\/uploads\/2022\/09\/CYBERBULLYING.jpg 800w\" sizes=\"(max-width: 410px) 100vw, 410px\" \/>\t\t\t\t\t\t\t\t\t\t\t\t\t\t<\/div>\n\t\t\t\t\t\t<\/div>\n\t\t\t\t<\/div>\n\t\t\t\t\t\t<\/div>\n\t\t\t\t\t<\/div>\n\t\t<\/div>\n\t\t\t\t\t\t\t\t<\/div>\n\t\t\t\t\t<\/div>\n\t\t<\/section>\n\t\t\t\t<section class=\"has_eae_slider elementor-section elementor-top-section elementor-element elementor-element-03de582 elementor-section-boxed elementor-section-height-default elementor-section-height-default\" data-id=\"03de582\" data-element_type=\"section\">\n\t\t\t\t\t\t<div class=\"elementor-container elementor-column-gap-default\">\n\t\t\t\t\t\t\t<div class=\"elementor-row\">\n\t\t\t\t\t<div class=\"has_eae_slider elementor-column elementor-col-66 elementor-top-column elementor-element elementor-element-405480d\" data-id=\"405480d\" data-element_type=\"column\">\n\t\t\t<div class=\"elementor-column-wrap elementor-element-populated\">\n\t\t\t\t\t\t\t<div class=\"elementor-widget-wrap\">\n\t\t\t\t\t\t<div class=\"elementor-element elementor-element-94462da elementor-widget elementor-widget-image\" data-id=\"94462da\" data-element_type=\"widget\" data-widget_type=\"image.default\">\n\t\t\t\t<div class=\"elementor-widget-container\">\n\t\t\t\t\t\t\t\t<div class=\"elementor-image\">\n\t\t\t\t\t\t\t\t\t\t\t\t<img width=\"768\" height=\"214\" src=\"http:\/\/fup.gov.ba\/wp-content\/uploads\/2020\/07\/122-1-768x214.png\" class=\"attachment-medium_large size-medium_large\" alt=\"\" loading=\"lazy\" srcset=\"http:\/\/fup.gov.ba\/wp-content\/uploads\/2020\/07\/122-1-768x214.png 768w, http:\/\/fup.gov.ba\/wp-content\/uploads\/2020\/07\/122-1-300x84.png 300w, http:\/\/fup.gov.ba\/wp-content\/uploads\/2020\/07\/122-1-1024x285.png 1024w, http:\/\/fup.gov.ba\/wp-content\/uploads\/2020\/07\/122-1-1536x428.png 1536w, http:\/\/fup.gov.ba\/wp-content\/uploads\/2020\/07\/122-1-2048x570.png 2048w, http:\/\/fup.gov.ba\/wp-content\/uploads\/2020\/07\/122-1-350x97.png 350w\" sizes=\"(max-width: 768px) 100vw, 768px\" \/>\t\t\t\t\t\t\t\t\t\t\t\t\t\t<\/div>\n\t\t\t\t\t\t<\/div>\n\t\t\t\t<\/div>\n\t\t\t\t<div class=\"elementor-element elementor-element-dcda641 elementor-widget elementor-widget-text-editor\" data-id=\"dcda641\" data-element_type=\"widget\" data-widget_type=\"text-editor.default\">\n\t\t\t\t<div class=\"elementor-widget-container\">\n\t\t\t\t\t\t\t\t<div class=\"elementor-text-editor elementor-clearfix\">\n\t\t\t\t<p>Gra\u0111ani koji su o\u0161te\u0107eni prekr\u0161ajem ili su \u017ertve izvr\u0161enja krivi\u010dnog djela, o\u010devici ili svjedoci doga\u0111aja kojim se ugro\u017eava tu\u0111a, li\u010dna bezbjednost ili imovina, da je poziv na broj \u201e122\u201c besplatan i predstavlja broj za brzu koordinaciju i pravovremenu intervenciju policije.<\/p>\t\t\t\t\t<\/div>\n\t\t\t\t\t\t<\/div>\n\t\t\t\t<\/div>\n\t\t\t\t\t\t<\/div>\n\t\t\t\t\t<\/div>\n\t\t<\/div>\n\t\t\t\t<div class=\"has_eae_slider elementor-column elementor-col-33 elementor-top-column elementor-element elementor-element-e81ce74\" data-id=\"e81ce74\" data-element_type=\"column\">\n\t\t\t<div class=\"elementor-column-wrap elementor-element-populated\">\n\t\t\t\t\t\t\t<div class=\"elementor-widget-wrap\">\n\t\t\t\t\t\t<div class=\"elementor-element elementor-element-1dc6ee5 eae-fb-animate-vertical elementor-widget elementor-widget-wts-flipbox\" data-id=\"1dc6ee5\" data-element_type=\"widget\" data-settings=\"{&quot;_animation&quot;:&quot;none&quot;}\" data-widget_type=\"wts-flipbox.default\">\n\t\t\t\t<div class=\"elementor-widget-container\">\n\t\t\t\t\t<div class=\"eae-flip-box-wrapper\">\n\t\t\t<div class=\"eae-flip-box-inner\" onclick=\"\">\n\n\t\t\t\t<div class=\"eae-flip-box-front\">\n\t\t\t\t\t<div class=\"flipbox-content\">\n\t\t\t\t\t\t\t\t\t\t\t\t\t<div class=\"icon-wrapper eae-fb-icon-view-stacked eae-fb-icon-shape-circle\">\n\t\t\t\t\t\t\t\t<i aria-hidden=\"true\" class=\"icon icon-phone1\"><\/i>\t\t\t\t\t\t\t<\/div>\n\t\t\t\t\t\t\n\t\t\t\t\t\t<h3 class=\"front-icon-title\">+387 33 28 00 20<\/h3>\n\t\t\t\t\t\t\t\t\t\t\t\t\t<p>\n\t\t\t\t\t\t\t\tPozovi i prijavi krivi\u010dno djelo\t\t\t\t\t\t\t<\/p>\n\t\t\t\t\t\t\t\t\t\t\t<\/div>\n\t\t\t\t<\/div>\n\n\t\t\t\t<div class=\"eae-flip-box-back\">\n\t\t\t\t\t<div class=\"flipbox-content\">\n\t\t\t\t\t\t\t\t\t\t\t\t\t<div class=\"icon-wrapper eae-fb-icon-view-stacked eae-fb-icon-shape-circle\">\n\t\t\t\t\t\t\t\t<i aria-hidden=\"true\" class=\"icon icon-email\"><\/i>\t\t\t\t\t\t\t<\/div>\n\t\t\t\t\t\t\n\t\t\t\t\t\t\n\t\t\t\t\t\t\t\t\t\t\t\t\t<p>\n\t\t\t\t\t\t\t\tSvaki gra\u0111anin ima pravo i obavezu prijaviti izvr\u0161enje krivi\u010dnog djela ukoliko ima saznanja o istom....\t\t\t\t\t\t\t<\/p>\n\t\t\t\t\t\t\n\t\t\t\t\t\t\t\t\t\t\t\t\t<div class=\"eae-fb-button-wrapper\">\n\t\t\t\t\t\t\t\t<a class=\"eae-fb-button\" href=\"http:\/\/fup.gov.ba\/?page_id=58\">\n\t\t\t\t\t\t\t\t\t<span class=\"elementor-button-text\">ELEKTRONSKA PRIJAVA<\/span>\n\t\t\t\t\t\t\t\t<\/a>\n\t\t\t\t\t\t\t<\/div>\n\t\t\t\t\t\t\t\t\t\t\t<\/div>\n\t\t\t\t<\/div>\n\n\t\t\t<\/div>\n\t\t<\/div>\n\t\t\t\t<\/div>\n\t\t\t\t<\/div>\n\t\t\t\t\t\t<\/div>\n\t\t\t\t\t<\/div>\n\t\t<\/div>\n\t\t\t\t\t\t\t\t<\/div>\n\t\t\t\t\t<\/div>\n\t\t<\/section>\n\t\t\t\t<section class=\"has_eae_slider elementor-section elementor-top-section elementor-element elementor-element-c07750e elementor-section-content-bottom elementor-section-stretched elementor-section-full_width elementor-section-height-default elementor-section-height-default\" data-id=\"c07750e\" data-element_type=\"section\" data-settings=\"{&quot;stretch_section&quot;:&quot;section-stretched&quot;}\">\n\t\t\t\t\t\t<div class=\"elementor-container elementor-column-gap-no\">\n\t\t\t\t\t\t\t<div class=\"elementor-row\">\n\t\t\t\t\t<div class=\"has_eae_slider elementor-column elementor-col-50 elementor-top-column elementor-element elementor-element-bd8127a\" data-id=\"bd8127a\" data-element_type=\"column\" data-settings=\"{&quot;background_background&quot;:&quot;classic&quot;}\">\n\t\t\t<div class=\"elementor-column-wrap elementor-element-populated\">\n\t\t\t\t\t\t\t<div class=\"elementor-widget-wrap\">\n\t\t\t\t\t\t<section class=\"has_eae_slider elementor-section elementor-inner-section elementor-element elementor-element-322b449 elementor-section-content-top elementor-section-boxed elementor-section-height-default elementor-section-height-default\" data-id=\"322b449\" data-element_type=\"section\">\n\t\t\t\t\t\t<div class=\"elementor-container elementor-column-gap-no\">\n\t\t\t\t\t\t\t<div class=\"elementor-row\">\n\t\t\t\t\t<div class=\"has_eae_slider elementor-column elementor-col-100 elementor-inner-column elementor-element elementor-element-7c68ede\" data-id=\"7c68ede\" data-element_type=\"column\">\n\t\t\t<div class=\"elementor-column-wrap elementor-element-populated\">\n\t\t\t\t\t\t\t<div class=\"elementor-widget-wrap\">\n\t\t\t\t\t\t<div class=\"elementor-element elementor-element-6bc7c64 elementor-widget elementor-widget-heading\" data-id=\"6bc7c64\" data-element_type=\"widget\" data-widget_type=\"heading.default\">\n\t\t\t\t<div class=\"elementor-widget-container\">\n\t\t\t<h2 class=\"elementor-heading-title elementor-size-default\">+387 33 280 020<\/h2>\t\t<\/div>\n\t\t\t\t<\/div>\n\t\t\t\t<div class=\"elementor-element elementor-element-fb1341d elementor-widget elementor-widget-heading\" data-id=\"fb1341d\" data-element_type=\"widget\" data-widget_type=\"heading.default\">\n\t\t\t\t<div class=\"elementor-widget-container\">\n\t\t\t<h4 class=\"elementor-heading-title elementor-size-default\">kabinet@fup.gov.ba<\/h4>\t\t<\/div>\n\t\t\t\t<\/div>\n\t\t\t\t\t\t<\/div>\n\t\t\t\t\t<\/div>\n\t\t<\/div>\n\t\t\t\t\t\t\t\t<\/div>\n\t\t\t\t\t<\/div>\n\t\t<\/section>\n\t\t\t\t<section class=\"has_eae_slider elementor-section elementor-inner-section elementor-element elementor-element-6ef9fff elementor-section-content-middle elementor-section-boxed elementor-section-height-default elementor-section-height-default\" data-id=\"6ef9fff\" data-element_type=\"section\">\n\t\t\t\t\t\t<div class=\"elementor-container elementor-column-gap-no\">\n\t\t\t\t\t\t\t<div class=\"elementor-row\">\n\t\t\t\t\t<div class=\"has_eae_slider elementor-column elementor-col-50 elementor-inner-column elementor-element elementor-element-b205a84\" data-id=\"b205a84\" data-element_type=\"column\" data-settings=\"{&quot;background_background&quot;:&quot;classic&quot;}\">\n\t\t\t<div class=\"elementor-column-wrap elementor-element-populated\">\n\t\t\t\t\t\t\t<div class=\"elementor-widget-wrap\">\n\t\t\t\t\t\t<div class=\"elementor-element elementor-element-d4fd981 elementor-widget elementor-widget-spacer\" data-id=\"d4fd981\" data-element_type=\"widget\" data-widget_type=\"spacer.default\">\n\t\t\t\t<div class=\"elementor-widget-container\">\n\t\t\t\t\t<div class=\"elementor-spacer\">\n\t\t\t<div class=\"elementor-spacer-inner\"><\/div>\n\t\t<\/div>\n\t\t\t\t<\/div>\n\t\t\t\t<\/div>\n\t\t\t\t\t\t<\/div>\n\t\t\t\t\t<\/div>\n\t\t<\/div>\n\t\t\t\t<div class=\"has_eae_slider elementor-column elementor-col-50 elementor-inner-column elementor-element elementor-element-0a7a48d\" data-id=\"0a7a48d\" data-element_type=\"column\" data-settings=\"{&quot;background_background&quot;:&quot;classic&quot;}\">\n\t\t\t<div class=\"elementor-column-wrap elementor-element-populated\">\n\t\t\t\t\t\t\t<div class=\"elementor-widget-wrap\">\n\t\t\t\t\t\t<div class=\"elementor-element elementor-element-809a3eb elementor-widget elementor-widget-heading\" data-id=\"809a3eb\" data-element_type=\"widget\" data-widget_type=\"heading.default\">\n\t\t\t\t<div class=\"elementor-widget-container\">\n\t\t\t<h3 class=\"elementor-heading-title elementor-size-default\">Adresa:<\/h3>\t\t<\/div>\n\t\t\t\t<\/div>\n\t\t\t\t<div class=\"elementor-element elementor-element-267ef35 elementor-icon-list--layout-traditional elementor-list-item-link-full_width elementor-widget elementor-widget-icon-list\" data-id=\"267ef35\" data-element_type=\"widget\" data-widget_type=\"icon-list.default\">\n\t\t\t\t<div class=\"elementor-widget-container\">\n\t\t\t\t\t<ul class=\"elementor-icon-list-items\">\n\t\t\t\t\t\t\t<li class=\"elementor-icon-list-item\">\n\t\t\t\t\t\t\t\t\t\t\t<span class=\"elementor-icon-list-icon\">\n\t\t\t\t\t\t\t<i aria-hidden=\"true\" class=\"far fa-building\"><\/i>\t\t\t\t\t\t<\/span>\n\t\t\t\t\t\t\t\t\t\t<span class=\"elementor-icon-list-text\">Mehmeda Spahe 7,<br>Sarajevo 71000<br>Bosna i Hercegovina<\/span>\n\t\t\t\t\t\t\t\t\t<\/li>\n\t\t\t\t\t\t<\/ul>\n\t\t\t\t<\/div>\n\t\t\t\t<\/div>\n\t\t\t\t\t\t<\/div>\n\t\t\t\t\t<\/div>\n\t\t<\/div>\n\t\t\t\t\t\t\t\t<\/div>\n\t\t\t\t\t<\/div>\n\t\t<\/section>\n\t\t\t\t\t\t<\/div>\n\t\t\t\t\t<\/div>\n\t\t<\/div>\n\t\t\t\t<div class=\"has_eae_slider elementor-column elementor-col-50 elementor-top-column elementor-element elementor-element-b222647\" data-id=\"b222647\" data-element_type=\"column\">\n\t\t\t<div class=\"elementor-column-wrap elementor-element-populated\">\n\t\t\t\t\t\t\t<div class=\"elementor-widget-wrap\">\n\t\t\t\t\t\t<div class=\"elementor-element elementor-element-9f29450 elementor-widget elementor-widget-google_maps\" data-id=\"9f29450\" data-element_type=\"widget\" data-widget_type=\"google_maps.default\">\n\t\t\t\t<div class=\"elementor-widget-container\">\n\t\t\t\t\t<div class=\"elementor-custom-embed\">\n\t\t\t<iframe frameborder=\"0\" scrolling=\"no\" marginheight=\"0\" marginwidth=\"0\"\n\t\t\t\t\tsrc=\"https:\/\/maps.google.com\/maps?q=Federalna%20uprava%20policije&#038;t=m&#038;z=15&#038;output=embed&#038;iwloc=near\"\n\t\t\t\t\ttitle=\"Federalna uprava policije\"\n\t\t\t\t\taria-label=\"Federalna uprava policije\"\n\t\t\t><\/iframe>\n\t\t<\/div>\n\t\t\t\t<\/div>\n\t\t\t\t<\/div>\n\t\t\t\t\t\t<\/div>\n\t\t\t\t\t<\/div>\n\t\t<\/div>\n\t\t\t\t\t\t\t\t<\/div>\n\t\t\t\t\t<\/div>\n\t\t<\/section>\n\t\t\t\t\t\t<\/div>\n\t\t\t\t\t\t<\/div>\n\t\t\t\t\t<\/div>\n\t\t","protected":false},"excerpt":{"rendered":"<p>SIGURNOST \u017dENA NA ULICI, SAOBRA\u0106AJUI SPRE\u010cAVANJE CYBERBULLINGA Gra\u0111ani koji su o\u0161te\u0107eni prekr\u0161ajem ili su \u017ertve izvr\u0161enja krivi\u010dnog djela, o\u010devici ili svjedoci doga\u0111aja kojim se ugro\u017eava tu\u0111a, li\u010dna bezbjednost ili imovina, da je poziv na broj \u201e122\u201c besplatan i predstavlja broj za brzu koordinaciju i pravovremenu intervenciju policije. +387 33 28 00 20 Pozovi i prijavi &hellip;<\/p>\n<p class=\"read-more\"> <a class=\"\" href=\"http:\/\/fup.gov.ba\/?page_id=29462\"> <span class=\"screen-reader-text\">Sigurnost \u017eena na ulici, u sabra\u0107aju i sprje\u010davanje cyberbullinga<\/span> Read More &raquo;<\/a><\/p>\n","protected":false},"author":5,"featured_media":0,"parent":18414,"menu_order":0,"comment_status":"closed","ping_status":"closed","template":"","meta":{"spay_email":""},"_links":{"self":[{"href":"http:\/\/fup.gov.ba\/index.php?rest_route=\/wp\/v2\/pages\/29462"}],"collection":[{"href":"http:\/\/fup.gov.ba\/index.php?rest_route=\/wp\/v2\/pages"}],"about":[{"href":"http:\/\/fup.gov.ba\/index.php?rest_route=\/wp\/v2\/types\/page"}],"author":[{"embeddable":true,"href":"http:\/\/fup.gov.ba\/index.php?rest_route=\/wp\/v2\/users\/5"}],"replies":[{"embeddable":true,"href":"http:\/\/fup.gov.ba\/index.php?rest_route=%2Fwp%2Fv2%2Fcomments&post=29462"}],"version-history":[{"count":10,"href":"http:\/\/fup.gov.ba\/index.php?rest_route=\/wp\/v2\/pages\/29462\/revisions"}],"predecessor-version":[{"id":31654,"href":"http:\/\/fup.gov.ba\/index.php?rest_route=\/wp\/v2\/pages\/29462\/revisions\/31654"}],"up":[{"embeddable":true,"href":"http:\/\/fup.gov.ba\/index.php?rest_route=\/wp\/v2\/pages\/18414"}],"wp:attachment":[{"href":"http:\/\/fup.gov.ba\/index.php?rest_route=%2Fwp%2Fv2%2Fmedia&parent=29462"}],"curies":[{"name":"wp","href":"https:\/\/api.w.org\/{rel}","templated":true}]}}