{"id":38022,"date":"2024-11-28T10:03:58","date_gmt":"2024-11-28T09:03:58","guid":{"rendered":"http:\/\/fup.gov.ba\/?page_id=38022"},"modified":"2024-11-28T12:14:37","modified_gmt":"2024-11-28T11:14:37","slug":"registar","status":"publish","type":"page","link":"http:\/\/fup.gov.ba\/?page_id=38022","title":{"rendered":"REGISTAR LICA"},"content":{"rendered":"\t\t<div data-elementor-type=\"wp-page\" data-elementor-id=\"38022\" class=\"elementor elementor-38022\" data-elementor-settings=\"[]\">\n\t\t\t\t\t\t<div class=\"elementor-inner\">\n\t\t\t\t\t\t\t<div class=\"elementor-section-wrap\">\n\t\t\t\t\t\t\t<section class=\"has_eae_slider elementor-section elementor-top-section elementor-element elementor-element-5cd780a elementor-section-boxed elementor-section-height-default elementor-section-height-default\" data-id=\"5cd780a\" data-element_type=\"section\">\n\t\t\t\t\t\t<div class=\"elementor-container elementor-column-gap-default\">\n\t\t\t\t\t\t\t<div class=\"elementor-row\">\n\t\t\t\t\t<div class=\"has_eae_slider elementor-column elementor-col-100 elementor-top-column elementor-element elementor-element-2e04228\" data-id=\"2e04228\" data-element_type=\"column\">\n\t\t\t<div class=\"elementor-column-wrap\">\n\t\t\t\t\t\t\t<div class=\"elementor-widget-wrap\">\n\t\t\t\t\t\t\t\t<\/div>\n\t\t\t\t\t<\/div>\n\t\t<\/div>\n\t\t\t\t\t\t\t\t<\/div>\n\t\t\t\t\t<\/div>\n\t\t<\/section>\n\t\t\t\t   \n\t\t\t\n\t\t<script type=\"text\/javascript\">\n\t\t\tjQuery(document).ready(function () {\n\t\t\t\tjQuery(\".elementor-element-ceccb7d\").prepend('<div class=\"eae-section-bs\"><div class=\"eae-section-bs-inner\"><\/div><\/div>');\n\t\t\t\tif ('' === 'yes') {\n\n\t\t\t\t\tvar bgoverlay = 'http:\/\/fup.gov.ba\/wp-content\/plugins\/addon-elements-for-elementor-page-builder\/\/assets\/lib\/vegas\/overlays\/00.png';\n\t\t\t\t} else {\n\t\t\t\t\tif ('09') {\n\t\t\t\t\t\tvar bgoverlay = 'http:\/\/fup.gov.ba\/wp-content\/plugins\/addon-elements-for-elementor-page-builder\/assets\/lib\/vegas\/overlays\/09.png';\n\t\t\t\t\t} else {\n\t\t\t\t\t\tvar bgoverlay = 'http:\/\/fup.gov.ba\/wp-content\/plugins\/addon-elements-for-elementor-page-builder\/assets\/lib\/vegas\/overlays\/00.png';\n\t\t\t\t\t}\n\t\t\t\t}\n\n\n\t\t\t\tjQuery(\".elementor-element-ceccb7d\").children('.eae-section-bs').children('.eae-section-bs-inner').vegas({\n\t\t\t\t\tslides: [{\"src\":\"http:\\\/\\\/fup.gov.ba\\\/wp-content\\\/uploads\\\/2020\\\/06\\\/igman00402-300x200.jpg\"},{\"src\":\"http:\\\/\\\/fup.gov.ba\\\/wp-content\\\/uploads\\\/2020\\\/06\\\/igman00410-300x200.jpg\"},{\"src\":\"http:\\\/\\\/fup.gov.ba\\\/wp-content\\\/uploads\\\/2020\\\/06\\\/004-300x200.jpg\"},{\"src\":\"http:\\\/\\\/fup.gov.ba\\\/wp-content\\\/uploads\\\/2020\\\/07\\\/Slika745-300x225.jpg\"},{\"src\":\"http:\\\/\\\/fup.gov.ba\\\/wp-content\\\/uploads\\\/2020\\\/07\\\/DSC_0009-300x199.jpg\"}],\n\t\t\t\t\ttransition: 'fade2',\n\t\t\t\t\tanimation: '',\n\t\t\t\t\toverlay: bgoverlay,\n\t\t\t\t\tcover: true,\n\t\t\t\t\tdelay: 5000,\n\t\t\t\t\ttimer: true\t\t\t\t});\n\t\t\t\tif ('' === 'yes') {\n\t\t\t\t\tjQuery(\".elementor-element-ceccb7d\").children('.eae-section-bs').children('.eae-section-bs-inner').children('.vegas-overlay').css('background-image', '');\n\t\t\t\t}\n\t\t\t});\n\t\t<\/script>\n\t\t\t\t<section data-angle=\"-45deg\" data-color=\"#00a6d8,#b800c9,#e57600\" class=\"has_eae_slider elementor-section elementor-top-section elementor-element elementor-element-ceccb7d elementor-section-stretched elementor-section-full_width elementor-section-height-min-height elementor-section-items-stretch eae-animated-gradient-yes elementor-section-content-middle elementor-section-height-default\" data-id=\"ceccb7d\" data-element_type=\"section\" data-settings=\"{&quot;stretch_section&quot;:&quot;section-stretched&quot;}\">\n\t\t\t\t\t\t<div class=\"elementor-container elementor-column-gap-default\">\n\t\t\t\t\t\t\t<div class=\"elementor-row\">\n\t\t\t\t\t<div class=\"has_eae_slider elementor-column elementor-col-100 elementor-top-column elementor-element elementor-element-83da0b8\" data-id=\"83da0b8\" data-element_type=\"column\">\n\t\t\t<div class=\"elementor-column-wrap elementor-element-populated\">\n\t\t\t\t\t\t\t<div class=\"elementor-widget-wrap\">\n\t\t\t\t\t\t<div class=\"elementor-element elementor-element-ace9fdc elementor-widget elementor-widget-heading\" data-id=\"ace9fdc\" data-element_type=\"widget\" data-widget_type=\"heading.default\">\n\t\t\t\t<div class=\"elementor-widget-container\">\n\t\t\t<h2 class=\"elementor-heading-title elementor-size-default\">REGISTAR LICA<\/h2>\t\t<\/div>\n\t\t\t\t<\/div>\n\t\t\t\t\t\t<\/div>\n\t\t\t\t\t<\/div>\n\t\t<\/div>\n\t\t\t\t\t\t\t\t<\/div>\n\t\t\t\t\t<\/div>\n\t\t<\/section>\n\t\t\t\t<section class=\"has_eae_slider elementor-section elementor-top-section elementor-element elementor-element-b2674a5 elementor-section-boxed elementor-section-height-default elementor-section-height-default\" data-id=\"b2674a5\" data-element_type=\"section\">\n\t\t\t\t\t\t<div class=\"elementor-container elementor-column-gap-default\">\n\t\t\t\t\t\t\t<div class=\"elementor-row\">\n\t\t\t\t\t<div class=\"has_eae_slider elementor-column elementor-col-100 elementor-top-column elementor-element elementor-element-1edd5c0\" data-id=\"1edd5c0\" data-element_type=\"column\">\n\t\t\t<div class=\"elementor-column-wrap elementor-element-populated\">\n\t\t\t\t\t\t\t<div class=\"elementor-widget-wrap\">\n\t\t\t\t\t\t<div class=\"elementor-element elementor-element-faec80a elementor-widget elementor-widget-spacer\" data-id=\"faec80a\" data-element_type=\"widget\" data-widget_type=\"spacer.default\">\n\t\t\t\t<div class=\"elementor-widget-container\">\n\t\t\t\t\t<div class=\"elementor-spacer\">\n\t\t\t<div class=\"elementor-spacer-inner\"><\/div>\n\t\t<\/div>\n\t\t\t\t<\/div>\n\t\t\t\t<\/div>\n\t\t\t\t\t\t<\/div>\n\t\t\t\t\t<\/div>\n\t\t<\/div>\n\t\t\t\t\t\t\t\t<\/div>\n\t\t\t\t\t<\/div>\n\t\t<\/section>\n\t\t\t\t<section class=\"has_eae_slider elementor-section elementor-top-section elementor-element elementor-element-96ea081 elementor-section-boxed elementor-section-height-default elementor-section-height-default\" data-id=\"96ea081\" data-element_type=\"section\">\n\t\t\t\t\t\t<div class=\"elementor-container elementor-column-gap-default\">\n\t\t\t\t\t\t\t<div class=\"elementor-row\">\n\t\t\t\t\t<div class=\"has_eae_slider elementor-column elementor-col-100 elementor-top-column elementor-element elementor-element-92df8cb\" data-id=\"92df8cb\" data-element_type=\"column\">\n\t\t\t<div class=\"elementor-column-wrap elementor-element-populated\">\n\t\t\t\t\t\t\t<div class=\"elementor-widget-wrap\">\n\t\t\t\t\t\t<div class=\"elementor-element elementor-element-58d498b elementor-widget elementor-widget-heading\" data-id=\"58d498b\" data-element_type=\"widget\" data-widget_type=\"heading.default\">\n\t\t\t\t<div class=\"elementor-widget-container\">\n\t\t\t<h2 class=\"elementor-heading-title elementor-size-default\">Registar lica pravomo\u0107no osu\u0111enih za krivi\u010dna djela protiv spolne slobode i morala prema djeci i maloljetnicima u Federaciji Bosne i Hercegovine.<\/h2>\t\t<\/div>\n\t\t\t\t<\/div>\n\t\t\t\t\t\t<\/div>\n\t\t\t\t\t<\/div>\n\t\t<\/div>\n\t\t\t\t\t\t\t\t<\/div>\n\t\t\t\t\t<\/div>\n\t\t<\/section>\n\t\t\t\t<section class=\"has_eae_slider elementor-section elementor-top-section elementor-element elementor-element-339c2a2 elementor-section-boxed elementor-section-height-default elementor-section-height-default\" data-id=\"339c2a2\" data-element_type=\"section\">\n\t\t\t\t\t\t<div class=\"elementor-container elementor-column-gap-default\">\n\t\t\t\t\t\t\t<div class=\"elementor-row\">\n\t\t\t\t\t<div class=\"has_eae_slider elementor-column elementor-col-100 elementor-top-column elementor-element elementor-element-3d9ef62\" data-id=\"3d9ef62\" data-element_type=\"column\">\n\t\t\t<div class=\"elementor-column-wrap elementor-element-populated\">\n\t\t\t\t\t\t\t<div class=\"elementor-widget-wrap\">\n\t\t\t\t\t\t<div class=\"elementor-element elementor-element-800e3a9 elementor-widget elementor-widget-text-editor\" data-id=\"800e3a9\" data-element_type=\"widget\" data-widget_type=\"text-editor.default\">\n\t\t\t\t<div class=\"elementor-widget-container\">\n\t\t\t\t\t\t\t\t<div class=\"elementor-text-editor elementor-clearfix\">\n\t\t\t\t<p>Uputstvo o obaveznoj dokumentaciji za izdavanje predmetnih uvjerenja:<\/p>\n<p>Za izdavanje Uvjerenja iz predmetnog Registra potrebno je da stranka dostavi Zahtjev sa adekvatnim obja\u0161njenjem i nazna\u010denom svrhom u koje namjene joj je potrebno Uvjerenje,da dostavi 10 KM markice Federalne takse i da shodno Zakonu pojedinci ne mogu tra\u017eiti Uvjerenje ve\u0107 isklju\u010divo pravna lica koja rade sa djecom.<\/p><p><br><\/p><p><br><\/p><p><br><\/p>\t\t\t\t\t<\/div>\n\t\t\t\t\t\t<\/div>\n\t\t\t\t<\/div>\n\t\t\t\t\t\t<\/div>\n\t\t\t\t\t<\/div>\n\t\t<\/div>\n\t\t\t\t\t\t\t\t<\/div>\n\t\t\t\t\t<\/div>\n\t\t<\/section>\n\t\t\t\t<section class=\"has_eae_slider elementor-section elementor-top-section elementor-element elementor-element-ac22f36 elementor-section-boxed elementor-section-height-default elementor-section-height-default\" data-id=\"ac22f36\" data-element_type=\"section\">\n\t\t\t\t\t\t<div class=\"elementor-container elementor-column-gap-default\">\n\t\t\t\t\t\t\t<div class=\"elementor-row\">\n\t\t\t\t\t<div class=\"has_eae_slider elementor-column elementor-col-100 elementor-top-column elementor-element elementor-element-06ea302\" data-id=\"06ea302\" data-element_type=\"column\">\n\t\t\t<div class=\"elementor-column-wrap elementor-element-populated\">\n\t\t\t\t\t\t\t<div class=\"elementor-widget-wrap\">\n\t\t\t\t\t\t<div class=\"elementor-element elementor-element-96091a7 elementor-widget elementor-widget-spacer\" data-id=\"96091a7\" data-element_type=\"widget\" data-widget_type=\"spacer.default\">\n\t\t\t\t<div class=\"elementor-widget-container\">\n\t\t\t\t\t<div class=\"elementor-spacer\">\n\t\t\t<div class=\"elementor-spacer-inner\"><\/div>\n\t\t<\/div>\n\t\t\t\t<\/div>\n\t\t\t\t<\/div>\n\t\t\t\t\t\t<\/div>\n\t\t\t\t\t<\/div>\n\t\t<\/div>\n\t\t\t\t\t\t\t\t<\/div>\n\t\t\t\t\t<\/div>\n\t\t<\/section>\n\t\t\t\t<section class=\"has_eae_slider elementor-section elementor-top-section elementor-element elementor-element-249f94c elementor-section-boxed elementor-section-height-default elementor-section-height-default\" data-id=\"249f94c\" data-element_type=\"section\">\n\t\t\t\t\t\t<div class=\"elementor-container elementor-column-gap-default\">\n\t\t\t\t\t\t\t<div class=\"elementor-row\">\n\t\t\t\t\t<div class=\"has_eae_slider elementor-column elementor-col-100 elementor-top-column elementor-element elementor-element-302ae07\" data-id=\"302ae07\" data-element_type=\"column\">\n\t\t\t<div class=\"elementor-column-wrap elementor-element-populated\">\n\t\t\t\t\t\t\t<div class=\"elementor-widget-wrap\">\n\t\t\t\t\t\t<div class=\"elementor-element elementor-element-d7d9ab8 elementor-widget elementor-widget-spacer\" data-id=\"d7d9ab8\" data-element_type=\"widget\" data-widget_type=\"spacer.default\">\n\t\t\t\t<div class=\"elementor-widget-container\">\n\t\t\t\t\t<div class=\"elementor-spacer\">\n\t\t\t<div class=\"elementor-spacer-inner\"><\/div>\n\t\t<\/div>\n\t\t\t\t<\/div>\n\t\t\t\t<\/div>\n\t\t\t\t\t\t<\/div>\n\t\t\t\t\t<\/div>\n\t\t<\/div>\n\t\t\t\t\t\t\t\t<\/div>\n\t\t\t\t\t<\/div>\n\t\t<\/section>\n\t\t\t\t<section class=\"has_eae_slider elementor-section elementor-top-section elementor-element elementor-element-0d70de4 elementor-section-boxed elementor-section-height-default elementor-section-height-default\" data-id=\"0d70de4\" data-element_type=\"section\">\n\t\t\t\t\t\t<div class=\"elementor-container elementor-column-gap-default\">\n\t\t\t\t\t\t\t<div class=\"elementor-row\">\n\t\t\t\t\t<div class=\"has_eae_slider elementor-column elementor-col-66 elementor-top-column elementor-element elementor-element-eba1ef3\" data-id=\"eba1ef3\" data-element_type=\"column\">\n\t\t\t<div class=\"elementor-column-wrap elementor-element-populated\">\n\t\t\t\t\t\t\t<div class=\"elementor-widget-wrap\">\n\t\t\t\t\t\t<div class=\"elementor-element elementor-element-e88c2c1 elementor-widget elementor-widget-image\" data-id=\"e88c2c1\" data-element_type=\"widget\" data-widget_type=\"image.default\">\n\t\t\t\t<div class=\"elementor-widget-container\">\n\t\t\t\t\t\t\t\t<div class=\"elementor-image\">\n\t\t\t\t\t\t\t\t\t\t\t\t<img width=\"768\" height=\"214\" src=\"http:\/\/fup.gov.ba\/wp-content\/uploads\/2020\/07\/122-1-768x214.png\" class=\"attachment-medium_large size-medium_large\" alt=\"\" loading=\"lazy\" srcset=\"http:\/\/fup.gov.ba\/wp-content\/uploads\/2020\/07\/122-1-768x214.png 768w, http:\/\/fup.gov.ba\/wp-content\/uploads\/2020\/07\/122-1-300x84.png 300w, http:\/\/fup.gov.ba\/wp-content\/uploads\/2020\/07\/122-1-1024x285.png 1024w, http:\/\/fup.gov.ba\/wp-content\/uploads\/2020\/07\/122-1-1536x428.png 1536w, http:\/\/fup.gov.ba\/wp-content\/uploads\/2020\/07\/122-1-2048x570.png 2048w, http:\/\/fup.gov.ba\/wp-content\/uploads\/2020\/07\/122-1-350x97.png 350w\" sizes=\"(max-width: 768px) 100vw, 768px\" \/>\t\t\t\t\t\t\t\t\t\t\t\t\t\t<\/div>\n\t\t\t\t\t\t<\/div>\n\t\t\t\t<\/div>\n\t\t\t\t<div class=\"elementor-element elementor-element-d6499ba elementor-widget elementor-widget-text-editor\" data-id=\"d6499ba\" data-element_type=\"widget\" data-widget_type=\"text-editor.default\">\n\t\t\t\t<div class=\"elementor-widget-container\">\n\t\t\t\t\t\t\t\t<div class=\"elementor-text-editor elementor-clearfix\">\n\t\t\t\t<p>Gra\u0111ani koji su o\u0161te\u0107eni prekr\u0161ajem ili su \u017ertve izvr\u0161enja krivi\u010dnog djela, o\u010devici ili svjedoci doga\u0111aja kojim se ugro\u017eava tu\u0111a, li\u010dna bezbjednost ili imovina, da je poziv na broj \u201e122\u201c besplatan i predstavlja broj za brzu koordinaciju i pravovremenu intervenciju policije.<\/p>\t\t\t\t\t<\/div>\n\t\t\t\t\t\t<\/div>\n\t\t\t\t<\/div>\n\t\t\t\t\t\t<\/div>\n\t\t\t\t\t<\/div>\n\t\t<\/div>\n\t\t\t\t<div class=\"has_eae_slider elementor-column elementor-col-33 elementor-top-column elementor-element elementor-element-5a74d4c\" data-id=\"5a74d4c\" data-element_type=\"column\">\n\t\t\t<div class=\"elementor-column-wrap elementor-element-populated\">\n\t\t\t\t\t\t\t<div class=\"elementor-widget-wrap\">\n\t\t\t\t\t\t<div class=\"elementor-element elementor-element-84a62c1 eae-fb-animate-vertical elementor-widget elementor-widget-wts-flipbox\" data-id=\"84a62c1\" data-element_type=\"widget\" data-settings=\"{&quot;_animation&quot;:&quot;none&quot;}\" data-widget_type=\"wts-flipbox.default\">\n\t\t\t\t<div class=\"elementor-widget-container\">\n\t\t\t\t\t<div class=\"eae-flip-box-wrapper\">\n\t\t\t<div class=\"eae-flip-box-inner\" onclick=\"\">\n\n\t\t\t\t<div class=\"eae-flip-box-front\">\n\t\t\t\t\t<div class=\"flipbox-content\">\n\t\t\t\t\t\t\t\t\t\t\t\t\t<div class=\"icon-wrapper eae-fb-icon-view-stacked eae-fb-icon-shape-circle\">\n\t\t\t\t\t\t\t\t<i aria-hidden=\"true\" class=\"icon icon-phone1\"><\/i>\t\t\t\t\t\t\t<\/div>\n\t\t\t\t\t\t\n\t\t\t\t\t\t<h3 class=\"front-icon-title\">+387 33 28 00 20<\/h3>\n\t\t\t\t\t\t\t\t\t\t\t\t\t<p>\n\t\t\t\t\t\t\t\tPozovi i prijavi krivi\u010dno djelo\t\t\t\t\t\t\t<\/p>\n\t\t\t\t\t\t\t\t\t\t\t<\/div>\n\t\t\t\t<\/div>\n\n\t\t\t\t<div class=\"eae-flip-box-back\">\n\t\t\t\t\t<div class=\"flipbox-content\">\n\t\t\t\t\t\t\t\t\t\t\t\t\t<div class=\"icon-wrapper eae-fb-icon-view-stacked eae-fb-icon-shape-circle\">\n\t\t\t\t\t\t\t\t<i aria-hidden=\"true\" class=\"icon icon-email\"><\/i>\t\t\t\t\t\t\t<\/div>\n\t\t\t\t\t\t\n\t\t\t\t\t\t\n\t\t\t\t\t\t\t\t\t\t\t\t\t<p>\n\t\t\t\t\t\t\t\tSvaki gra\u0111anin ima pravo i obavezu prijaviti izvr\u0161enje krivi\u010dnog djela ukoliko ima saznanja o istom....\t\t\t\t\t\t\t<\/p>\n\t\t\t\t\t\t\n\t\t\t\t\t\t\t\t\t\t\t\t\t<div class=\"eae-fb-button-wrapper\">\n\t\t\t\t\t\t\t\t<a class=\"eae-fb-button\" href=\"http:\/\/fup.gov.ba\/?page_id=58\">\n\t\t\t\t\t\t\t\t\t<span class=\"elementor-button-text\">ELEKTRONSKA PRIJAVA<\/span>\n\t\t\t\t\t\t\t\t<\/a>\n\t\t\t\t\t\t\t<\/div>\n\t\t\t\t\t\t\t\t\t\t\t<\/div>\n\t\t\t\t<\/div>\n\n\t\t\t<\/div>\n\t\t<\/div>\n\t\t\t\t<\/div>\n\t\t\t\t<\/div>\n\t\t\t\t\t\t<\/div>\n\t\t\t\t\t<\/div>\n\t\t<\/div>\n\t\t\t\t\t\t\t\t<\/div>\n\t\t\t\t\t<\/div>\n\t\t<\/section>\n\t\t\t\t<section class=\"has_eae_slider elementor-section elementor-top-section elementor-element elementor-element-a7e50f7 elementor-section-content-bottom elementor-section-stretched elementor-section-full_width elementor-section-height-default elementor-section-height-default\" data-id=\"a7e50f7\" data-element_type=\"section\" data-settings=\"{&quot;stretch_section&quot;:&quot;section-stretched&quot;}\">\n\t\t\t\t\t\t<div class=\"elementor-container elementor-column-gap-no\">\n\t\t\t\t\t\t\t<div class=\"elementor-row\">\n\t\t\t\t\t<div class=\"has_eae_slider elementor-column elementor-col-50 elementor-top-column elementor-element elementor-element-eb51dc5\" data-id=\"eb51dc5\" data-element_type=\"column\" data-settings=\"{&quot;background_background&quot;:&quot;classic&quot;}\">\n\t\t\t<div class=\"elementor-column-wrap elementor-element-populated\">\n\t\t\t\t\t\t\t<div class=\"elementor-widget-wrap\">\n\t\t\t\t\t\t<section class=\"has_eae_slider elementor-section elementor-inner-section elementor-element elementor-element-530c803 elementor-section-content-top elementor-section-boxed elementor-section-height-default elementor-section-height-default\" data-id=\"530c803\" data-element_type=\"section\">\n\t\t\t\t\t\t<div class=\"elementor-container elementor-column-gap-no\">\n\t\t\t\t\t\t\t<div class=\"elementor-row\">\n\t\t\t\t\t<div class=\"has_eae_slider elementor-column elementor-col-100 elementor-inner-column elementor-element elementor-element-3306f71\" data-id=\"3306f71\" data-element_type=\"column\">\n\t\t\t<div class=\"elementor-column-wrap elementor-element-populated\">\n\t\t\t\t\t\t\t<div class=\"elementor-widget-wrap\">\n\t\t\t\t\t\t<div class=\"elementor-element elementor-element-98aa53f elementor-widget elementor-widget-heading\" data-id=\"98aa53f\" data-element_type=\"widget\" data-widget_type=\"heading.default\">\n\t\t\t\t<div class=\"elementor-widget-container\">\n\t\t\t<h2 class=\"elementor-heading-title elementor-size-default\">+387 33 280 020<\/h2>\t\t<\/div>\n\t\t\t\t<\/div>\n\t\t\t\t<div class=\"elementor-element elementor-element-178de83 elementor-widget elementor-widget-heading\" data-id=\"178de83\" data-element_type=\"widget\" data-widget_type=\"heading.default\">\n\t\t\t\t<div class=\"elementor-widget-container\">\n\t\t\t<h4 class=\"elementor-heading-title elementor-size-default\">kabinet@fup.gov.ba<\/h4>\t\t<\/div>\n\t\t\t\t<\/div>\n\t\t\t\t\t\t<\/div>\n\t\t\t\t\t<\/div>\n\t\t<\/div>\n\t\t\t\t\t\t\t\t<\/div>\n\t\t\t\t\t<\/div>\n\t\t<\/section>\n\t\t\t\t<section class=\"has_eae_slider elementor-section elementor-inner-section elementor-element elementor-element-d79c117 elementor-section-content-middle elementor-section-boxed elementor-section-height-default elementor-section-height-default\" data-id=\"d79c117\" data-element_type=\"section\">\n\t\t\t\t\t\t<div class=\"elementor-container elementor-column-gap-no\">\n\t\t\t\t\t\t\t<div class=\"elementor-row\">\n\t\t\t\t\t<div class=\"has_eae_slider elementor-column elementor-col-50 elementor-inner-column elementor-element elementor-element-7ddc257\" data-id=\"7ddc257\" data-element_type=\"column\" data-settings=\"{&quot;background_background&quot;:&quot;classic&quot;}\">\n\t\t\t<div class=\"elementor-column-wrap elementor-element-populated\">\n\t\t\t\t\t\t\t<div class=\"elementor-widget-wrap\">\n\t\t\t\t\t\t<div class=\"elementor-element elementor-element-2d7a6b0 elementor-widget elementor-widget-spacer\" data-id=\"2d7a6b0\" data-element_type=\"widget\" data-widget_type=\"spacer.default\">\n\t\t\t\t<div class=\"elementor-widget-container\">\n\t\t\t\t\t<div class=\"elementor-spacer\">\n\t\t\t<div class=\"elementor-spacer-inner\"><\/div>\n\t\t<\/div>\n\t\t\t\t<\/div>\n\t\t\t\t<\/div>\n\t\t\t\t\t\t<\/div>\n\t\t\t\t\t<\/div>\n\t\t<\/div>\n\t\t\t\t<div class=\"has_eae_slider elementor-column elementor-col-50 elementor-inner-column elementor-element elementor-element-5fb8161\" data-id=\"5fb8161\" data-element_type=\"column\" data-settings=\"{&quot;background_background&quot;:&quot;classic&quot;}\">\n\t\t\t<div class=\"elementor-column-wrap elementor-element-populated\">\n\t\t\t\t\t\t\t<div class=\"elementor-widget-wrap\">\n\t\t\t\t\t\t<div class=\"elementor-element elementor-element-f185e50 elementor-widget elementor-widget-heading\" data-id=\"f185e50\" data-element_type=\"widget\" data-widget_type=\"heading.default\">\n\t\t\t\t<div class=\"elementor-widget-container\">\n\t\t\t<h3 class=\"elementor-heading-title elementor-size-default\">Adresa:<\/h3>\t\t<\/div>\n\t\t\t\t<\/div>\n\t\t\t\t<div class=\"elementor-element elementor-element-0a97074 elementor-icon-list--layout-traditional elementor-list-item-link-full_width elementor-widget elementor-widget-icon-list\" data-id=\"0a97074\" data-element_type=\"widget\" data-widget_type=\"icon-list.default\">\n\t\t\t\t<div class=\"elementor-widget-container\">\n\t\t\t\t\t<ul class=\"elementor-icon-list-items\">\n\t\t\t\t\t\t\t<li class=\"elementor-icon-list-item\">\n\t\t\t\t\t\t\t\t\t\t\t<span class=\"elementor-icon-list-icon\">\n\t\t\t\t\t\t\t<i aria-hidden=\"true\" class=\"far fa-building\"><\/i>\t\t\t\t\t\t<\/span>\n\t\t\t\t\t\t\t\t\t\t<span class=\"elementor-icon-list-text\">Mehmeda Spahe 7,<br>Sarajevo 71000<br>Bosna i Hercegovina<\/span>\n\t\t\t\t\t\t\t\t\t<\/li>\n\t\t\t\t\t\t<\/ul>\n\t\t\t\t<\/div>\n\t\t\t\t<\/div>\n\t\t\t\t\t\t<\/div>\n\t\t\t\t\t<\/div>\n\t\t<\/div>\n\t\t\t\t\t\t\t\t<\/div>\n\t\t\t\t\t<\/div>\n\t\t<\/section>\n\t\t\t\t\t\t<\/div>\n\t\t\t\t\t<\/div>\n\t\t<\/div>\n\t\t\t\t<div class=\"has_eae_slider elementor-column elementor-col-50 elementor-top-column elementor-element elementor-element-a55bca9\" data-id=\"a55bca9\" data-element_type=\"column\">\n\t\t\t<div class=\"elementor-column-wrap elementor-element-populated\">\n\t\t\t\t\t\t\t<div class=\"elementor-widget-wrap\">\n\t\t\t\t\t\t<div class=\"elementor-element elementor-element-a98b37d elementor-widget elementor-widget-google_maps\" data-id=\"a98b37d\" data-element_type=\"widget\" data-widget_type=\"google_maps.default\">\n\t\t\t\t<div class=\"elementor-widget-container\">\n\t\t\t\t\t<div class=\"elementor-custom-embed\">\n\t\t\t<iframe frameborder=\"0\" scrolling=\"no\" marginheight=\"0\" marginwidth=\"0\"\n\t\t\t\t\tsrc=\"https:\/\/maps.google.com\/maps?q=Federalna%20uprava%20policije&#038;t=m&#038;z=15&#038;output=embed&#038;iwloc=near\"\n\t\t\t\t\ttitle=\"Federalna uprava policije\"\n\t\t\t\t\taria-label=\"Federalna uprava policije\"\n\t\t\t><\/iframe>\n\t\t<\/div>\n\t\t\t\t<\/div>\n\t\t\t\t<\/div>\n\t\t\t\t\t\t<\/div>\n\t\t\t\t\t<\/div>\n\t\t<\/div>\n\t\t\t\t\t\t\t\t<\/div>\n\t\t\t\t\t<\/div>\n\t\t<\/section>\n\t\t\t\t\t\t<\/div>\n\t\t\t\t\t\t<\/div>\n\t\t\t\t\t<\/div>\n\t\t","protected":false},"excerpt":{"rendered":"<p>REGISTAR LICA Registar lica pravomo\u0107no osu\u0111enih za krivi\u010dna djela protiv spolne slobode i morala prema djeci i maloljetnicima u Federaciji Bosne i Hercegovine. Uputstvo o obaveznoj dokumentaciji za izdavanje predmetnih uvjerenja: Za izdavanje Uvjerenja iz predmetnog Registra potrebno je da stranka dostavi Zahtjev sa adekvatnim obja\u0161njenjem i nazna\u010denom svrhom u koje namjene joj je potrebno &hellip;<\/p>\n<p class=\"read-more\"> <a class=\"\" href=\"http:\/\/fup.gov.ba\/?page_id=38022\"> <span class=\"screen-reader-text\">REGISTAR LICA<\/span> Read More &raquo;<\/a><\/p>\n","protected":false},"author":8,"featured_media":0,"parent":18414,"menu_order":0,"comment_status":"closed","ping_status":"closed","template":"","meta":{"spay_email":""},"_links":{"self":[{"href":"http:\/\/fup.gov.ba\/index.php?rest_route=\/wp\/v2\/pages\/38022"}],"collection":[{"href":"http:\/\/fup.gov.ba\/index.php?rest_route=\/wp\/v2\/pages"}],"about":[{"href":"http:\/\/fup.gov.ba\/index.php?rest_route=\/wp\/v2\/types\/page"}],"author":[{"embeddable":true,"href":"http:\/\/fup.gov.ba\/index.php?rest_route=\/wp\/v2\/users\/8"}],"replies":[{"embeddable":true,"href":"http:\/\/fup.gov.ba\/index.php?rest_route=%2Fwp%2Fv2%2Fcomments&post=38022"}],"version-history":[{"count":8,"href":"http:\/\/fup.gov.ba\/index.php?rest_route=\/wp\/v2\/pages\/38022\/revisions"}],"predecessor-version":[{"id":38033,"href":"http:\/\/fup.gov.ba\/index.php?rest_route=\/wp\/v2\/pages\/38022\/revisions\/38033"}],"up":[{"embeddable":true,"href":"http:\/\/fup.gov.ba\/index.php?rest_route=\/wp\/v2\/pages\/18414"}],"wp:attachment":[{"href":"http:\/\/fup.gov.ba\/index.php?rest_route=%2Fwp%2Fv2%2Fmedia&parent=38022"}],"curies":[{"name":"wp","href":"https:\/\/api.w.org\/{rel}","templated":true}]}}